{"id":15,"date":"2013-08-13T08:48:40","date_gmt":"2013-08-13T08:48:40","guid":{"rendered":"http:\/\/www.atletismozoiti.com\/?page_id=15"},"modified":"2026-01-16T09:15:29","modified_gmt":"2026-01-16T09:15:29","slug":"escuela","status":"publish","type":"page","link":"https:\/\/www.atletismozoiti.com\/?page_id=15","title":{"rendered":"Escuela"},"content":{"rendered":"<p><strong><span style=\"color: #1c1c1c; font-family: Thread-00001dec-Id-000000f4;\">TEMPORADA 2025\/26 \u00a0\u00a0 \u00a0\u00a0 <\/span><\/strong><\/p>\n<p><a href=\"https:\/\/www.atletismozoiti.com\/wp-content\/uploads\/2025\/08\/INFO-Escuela-Atletismo-Intec-Zoiti-25-26-1.pdf\">INFO-Escuela-Atletismo-Intec-Zoiti-25-26<\/a><\/p>\n<p><a href=\"https:\/\/www.atletismozoiti.com\/?p=1691\">Inscripciones<\/a><\/p>\n<p><strong><span style=\"color: #1c1c1c; font-family: Thread-00001dec-Id-000000f4;\">La Escuela Municipal del Club Atletismo Intec-Zoiti<\/span><\/strong>, gracias al trabajo e ilusi\u00f3n de sus atletas, t\u00e9cnicos, directivos, colaboradores, patrocinadores, es una de las escuelas de atletismo m\u00e1s importantes de Arag\u00f3n. La relaci\u00f3n de experiencias, convivencia, diversi\u00f3n y tambi\u00e9n triunfos, trofeos o medallas, es una constante a\u00f1o tras a\u00f1o, y nuestra meta es seguir aspirando a los m\u00e1ximos logros en todas sus expresiones, ya sean satisfacciones personales, \u00e9xitos deportivos, relaciones personales, \u2026<\/p>\n<p>Por todo ello te invitamos a conocer nuestra Escuela de Atletismo, nuestro valor m\u00e1s seguro, y al d\u00eda de hoy, una verdadera factor\u00eda de atletas.<\/p>\n<p><a href=\"https:\/\/www.atletismozoiti.com\/wp-content\/uploads\/2019\/09\/Fotos-triptico.jpg\"><img loading=\"lazy\" decoding=\"async\" class=\"alignnone size-full wp-image-1551\" src=\"https:\/\/www.atletismozoiti.com\/wp-content\/uploads\/2019\/09\/Fotos-triptico.jpg\" alt=\"\" width=\"679\" height=\"407\" srcset=\"https:\/\/www.atletismozoiti.com\/wp-content\/uploads\/2019\/09\/Fotos-triptico.jpg 679w, https:\/\/www.atletismozoiti.com\/wp-content\/uploads\/2019\/09\/Fotos-triptico-300x180.jpg 300w, https:\/\/www.atletismozoiti.com\/wp-content\/uploads\/2019\/09\/Fotos-triptico-624x374.jpg 624w\" sizes=\"auto, (max-width: 679px) 100vw, 679px\" \/><\/a><\/p>\n<p><strong><span style=\"color: #1c1c1c; font-family: Thread-00001dec-Id-000000f4;\">Objetivos<\/span><\/strong> \u2013 Nuestra escuela sigue programas de trabajo adaptados en las diferentes etapas de desarrollo y maduraci\u00f3n, f\u00edsica y psicol\u00f3gica. \u2013 El aprendizaje t\u00e9cnico y el desarrollo arm\u00f3nico de las cualidades f\u00edsicas son objetivos presentes en todas las sesiones. \u2013 Desde el juego hasta las competiciones son utilizados como recurso para hacer disfrutar con la pr\u00e1ctica deportiva. \u2013 Pretendemos transmitir valores y h\u00e1bitos de vida saludables, mejorando la autoestima y la autoconfianza de los alumnos\/as.<\/p>\n","protected":false},"excerpt":{"rendered":"<p>TEMPORADA 2025\/26 \u00a0\u00a0 \u00a0\u00a0 INFO-Escuela-Atletismo-Intec-Zoiti-25-26 Inscripciones La Escuela Municipal del Club Atletismo Intec-Zoiti, gracias al trabajo e ilusi\u00f3n de sus atletas, t\u00e9cnicos, directivos, colaboradores, patrocinadores, es una de las escuelas de atletismo m\u00e1s importantes de Arag\u00f3n. La relaci\u00f3n de experiencias, &hellip; <a href=\"https:\/\/www.atletismozoiti.com\/?page_id=15\">Sigue leyendo <span class=\"meta-nav\">&rarr;<\/span><\/a><\/p>\n","protected":false},"author":1,"featured_media":0,"parent":0,"menu_order":0,"comment_status":"open","ping_status":"open","template":"","meta":{"footnotes":""},"class_list":["post-15","page","type-page","status-publish","hentry"],"_links":{"self":[{"href":"https:\/\/www.atletismozoiti.com\/index.php?rest_route=\/wp\/v2\/pages\/15","targetHints":{"allow":["GET"]}}],"collection":[{"href":"https:\/\/www.atletismozoiti.com\/index.php?rest_route=\/wp\/v2\/pages"}],"about":[{"href":"https:\/\/www.atletismozoiti.com\/index.php?rest_route=\/wp\/v2\/types\/page"}],"author":[{"embeddable":true,"href":"https:\/\/www.atletismozoiti.com\/index.php?rest_route=\/wp\/v2\/users\/1"}],"replies":[{"embeddable":true,"href":"https:\/\/www.atletismozoiti.com\/index.php?rest_route=%2Fwp%2Fv2%2Fcomments&post=15"}],"version-history":[{"count":42,"href":"https:\/\/www.atletismozoiti.com\/index.php?rest_route=\/wp\/v2\/pages\/15\/revisions"}],"predecessor-version":[{"id":2705,"href":"https:\/\/www.atletismozoiti.com\/index.php?rest_route=\/wp\/v2\/pages\/15\/revisions\/2705"}],"wp:attachment":[{"href":"https:\/\/www.atletismozoiti.com\/index.php?rest_route=%2Fwp%2Fv2%2Fmedia&parent=15"}],"curies":[{"name":"wp","href":"https:\/\/api.w.org\/{rel}","templated":true}]}}