{"id":21,"date":"2013-08-13T08:57:15","date_gmt":"2013-08-13T08:57:15","guid":{"rendered":"http:\/\/www.atletismozoiti.com\/?page_id=21"},"modified":"2026-04-21T21:18:00","modified_gmt":"2026-04-21T21:18:00","slug":"liga-municipal","status":"publish","type":"page","link":"https:\/\/www.atletismozoiti.com\/?page_id=21","title":{"rendered":"XVI Liga municipal"},"content":{"rendered":"\n<p><\/p>\n\n\n<p>En este curso 25\/26 se celebrar\u00e1 la 16\u00aa Liga Municipal de Huesca. El funcionamiento de la liga ser\u00e1 diferente en funci\u00f3n de la categor\u00eda.<\/p>\n<p><strong>CATEGOR\u00cdA Sub14 (2013-2014)<\/strong>: A lo largo de 6 jornadas, los atletas realizar\u00e1n todas y cada una de las pruebas que componen el atletismo. En funci\u00f3n de la marca se asignar\u00e1n puntuaciones seg\u00fan la Tabla Francesa.<\/p>\n<p><strong>CATEGOR\u00cdA Sub 16 (2011-2012)<\/strong>: No hay jornadas de liga, pero todas las competiciones realizadas servir\u00e1n para puntuar en la liga. Las marcas obtenidas puntuar\u00e1n seg\u00fan Tabla IAFF 2022.<\/p>\n<h2><strong>CLASIFICACIONES\u00a0<\/strong><\/h2>\n<p><a href=\"https:\/\/www.atletismozoiti.com\/wp-content\/uploads\/2026\/04\/Clasificacion-J5.pdf\">Clasificaci\u00f3n Sub14 (10 abril)<\/a><\/p>\n<p><a href=\"https:\/\/www.atletismozoiti.com\/wp-content\/uploads\/2026\/04\/Clasificacion-S16-18-Abril.pdf\">Clasificaci\u00f3n Sub16 (18 Abril)<\/a><\/p>\n<div class=\"entry\">\n<p>&#8211; Trofeo Atleta Complet@: a l@s cinco primer@s clasificad@s en cada categor\u00eda. Se sumar\u00e1n todas las pruebas del programa, descontando la peor puntuaci\u00f3n de cada especialidad. En categor\u00eda femenina, habr\u00e1 dos clasificaciones seg\u00fan el a\u00f1o nacimiento (2013 y 2014)<br \/>&#8211; Diploma Especialista (Saltos, lanzamientos, velocidad, vallas y fondo): a quien tenga mejor puntuaci\u00f3n en una especialidad, descontando la peor puntuaci\u00f3n.<\/p>\n<p><strong>PREMIOS Sub16<\/strong><br \/>&#8211; Atleta Complet@<br \/>&#8211; Especialista: Saltos, lanzamientos, velocidad, vallas y fondo<\/p>\n<div class=\"entry\">\n<p><strong>CALENDARIO Y PRUEBAS Sub14<\/strong><\/p>\n<ul>\n<li>17 Octubre: 60 vallas, Altura y Martillo <a href=\"https:\/\/www.atletismozoiti.com\/wp-content\/uploads\/2025\/10\/Resultados-1a-Jornada-17-10-25.pdf\">Resultados<\/a><\/li>\n<li>14 Noviembre: 60 lisos, Longitud, Peso y 1000 <a href=\"https:\/\/www.atletismozoiti.com\/wp-content\/uploads\/2025\/11\/2025-11-14-JDEE-Fase-previa-S14-S16-HUESCA.pdf\">Resultados<\/a><\/li>\n<li>12 Diciembre: 120 m, Triple y 500 <a href=\"https:\/\/www.atletismozoiti.com\/wp-content\/uploads\/2025\/12\/2025-12-12-JDEE-Fase-previa-S14-S16-HUESCA.pdf\">Resultados<\/a><\/li>\n<li>20 Marzo: 80 lisos, 220 vallas, y jabalina <a href=\"https:\/\/www.atletismozoiti.com\/wp-content\/uploads\/2026\/04\/2026-03-20-Fase-Previa-S14-S16-HUESCA-Corregida-Jabalina.pdf\">Resultados (corregida Jabalina Masc)<\/a><\/li>\n<li>10 Abril: 80 vallas, disco y 1000 marcha <a href=\"https:\/\/www.atletismozoiti.com\/wp-content\/uploads\/2026\/04\/2026-04-10-Fase-Previa-S14-S16-HUESCA.pdf\">Resultados<\/a><\/li>\n<li>12 Junio: 4&#215;80, p\u00e9rtiga y 1000 obs.<\/li>\n<\/ul>\n<\/div>\n<\/div>\n<hr \/>\n<div class=\"entry\">\n<h6 class=\"entry\"><strong>RESULTADOS LIGAS ANTERIORES<\/strong><\/h6>\n<\/div>\n<div>\n<h6><strong>XV Liga Municipal Temporada 2024-2025<\/strong><\/h6>\n<h6><strong><a href=\"https:\/\/www.atletismozoiti.com\/wp-content\/uploads\/2025\/06\/Clasificacion-S14-Final.pdf\">Clasificaci\u00f3n S14 Final<\/a><\/strong><\/h6>\n<h6><strong><a href=\"https:\/\/www.atletismozoiti.com\/wp-content\/uploads\/2025\/06\/Clasificacion-S16-FINAL.pdf\">Clasificaci\u00f3n S16 Final<\/a><\/strong><\/h6>\n<div>Calendario S14<\/div>\n<ul>\n<li>5 Noviembre 2024: 60 lisos, 60 vallas, Altura y Martillo 2kg <a href=\"https:\/\/www.atletismozoiti.com\/wp-content\/uploads\/2024\/11\/2024-11-15-Resultados-S14.pdf\">Resultados<\/a><\/li>\n<li>13 Diciembre 2024: 120 lisos, Longitud, Peso 3kg y 1000 m <a href=\"https:\/\/www.atletismozoiti.com\/wp-content\/uploads\/2024\/12\/2024-12-13-Resultados-S14.pdf\">Resultados<\/a><\/li>\n<li>24 Enero 2025: 220 vallas, disco y 1000 marcha <a href=\"https:\/\/www.atletismozoiti.com\/wp-content\/uploads\/2025\/02\/2025-01-24-Resultados-S14.pdf\">Resultados<\/a><\/li>\n<li>28 Marzo 2025: 80 vallas, Triple, Jabalina y 500 <a href=\"https:\/\/www.atletismozoiti.com\/wp-content\/uploads\/2025\/03\/2025-03-28-Resultados-S14.pdf\">Resultados<\/a><\/li>\n<li>30 Mayo 2025: 80 lisos, pertiga y 1000 obst\u00e1culos <a href=\"https:\/\/www.atletismozoiti.com\/wp-content\/uploads\/2025\/06\/2025-05-30-Resultados-S14.pdf\">Resultados<\/a><\/li>\n<\/ul>\n<\/div>\n<div><strong>XIV Liga Municipal Temporada 2023-2024<\/strong><\/div>\n<div><a href=\"https:\/\/www.atletismozoiti.com\/wp-content\/uploads\/2024\/05\/Clasificacion-General-Jornada-FINAL.pdf\">Clasificaci\u00f3n S14<\/a><\/div>\n<div><a href=\"https:\/\/www.atletismozoiti.com\/wp-content\/uploads\/2024\/06\/Clasificacion-General-SUB-16.pdf\">Clasificaci\u00f3n S16<\/a><\/div>\n<div>Calendario S14<\/div>\n<div>\n<div class=\"entry\">&#8211; 20 Octubre 2023: 60 lisos, altura, disco y 1000 marcha <a href=\"https:\/\/www.atletismozoiti.com\/wp-content\/uploads\/2023\/10\/Resultados-2023-10-20.pdf\">Resultados<\/a><\/div>\n<div>&#8211; 17 Noviembre 2023: 60 vallas, p\u00e9rtiga y 1000 m <a href=\"https:\/\/www.atletismozoiti.com\/wp-content\/uploads\/2023\/11\/Resultados-2023-11-17.pdf\">Resultados<\/a><\/div>\n<div>&#8211; 15 Diciembre 2023: <span style=\"color: #000000;\">triple, peso y 120 m\u00a0 <a href=\"https:\/\/www.atletismozoiti.com\/wp-content\/uploads\/2023\/12\/Resultados-2023-12-15.pdf\">Resultados<\/a><\/span><\/div>\n<div>&#8211; 19 Enero 2024: 220 vallas, martillo y 4&#215;80 <a href=\"https:\/\/www.atletismozoiti.com\/wp-content\/uploads\/2024\/01\/Resultados-2024-01-26.pdf\">Resultados<\/a><\/div>\n<div>&#8211; 22 Marzo 2024: 80 vallas, Longitud y 500 <a href=\"https:\/\/www.atletismozoiti.com\/wp-content\/uploads\/2024\/03\/Resultados-2024-03-22.pdf\">Resultados<\/a><\/div>\n<div>&#8211; 24 Mayo 2024: 80 lisos, jabalina y 1000 obst\u00e1culos <a href=\"https:\/\/www.atletismozoiti.com\/wp-content\/uploads\/2024\/05\/Resultados-2024-05-24.pdf\">Resultados<\/a><\/div>\n<div>\u00a0<\/div>\n<\/div>\n<div>\n<div><strong>XIII Liga Municipal Temporada 2022-2023<\/strong><\/div>\n<\/div>\n<div><a href=\"https:\/\/www.atletismozoiti.com\/wp-content\/uploads\/2023\/06\/Clasificacion-S14.pdf\">Clasificaci\u00f3n S14<\/a><\/div>\n<div><a href=\"https:\/\/www.atletismozoiti.com\/wp-content\/uploads\/2023\/06\/Clasificacion-S16.pdf\">Clasificaci\u00f3n S16<\/a><\/div>\n<div>\n<div class=\"entry\">&#8211; 14 Octubre 2022: <span style=\"color: #ff6600;\">S16 Cadete: 60 lisos, 60 vallas (0,68-0,76), longitud <a href=\"https:\/\/www.atletismozoiti.com\/wp-content\/uploads\/2022\/11\/2022-10-14-Resultados-S16.pdf\">Resultados<\/a><\/span><\/div>\n<div class=\"entry\">&#8211; 21 Octubre 2022: <span style=\"color: #008000;\">S14 Infantil: 50 lisos, 50 vallas (0,68), longitud <a href=\"https:\/\/www.atletismozoiti.com\/wp-content\/uploads\/2022\/11\/2022-10-21-Resultados-S14.pdf\">Resultados<\/a><\/span><\/div>\n<div class=\"entry\">&#8211; 11 Noviembre 2022:<span style=\"color: #ff6600;\"> S16 Cadete: altura, peso 3-4kg, 300 m lisos <a href=\"https:\/\/www.atletismozoiti.com\/wp-content\/uploads\/2022\/11\/2022-11-11-Resultados-S16.pdf\">Resultados<\/a><\/span><\/div>\n<div>&#8211; 18 Noviembre 2022: <span style=\"color: #008000;\">S14 Infantil: altura, martillo 2kg, 120 m lisos <a href=\"https:\/\/www.atletismozoiti.com\/wp-content\/uploads\/2022\/12\/2022-11-18-Resultados-S14.pdf\">Resultados S14<\/a><\/span><\/div>\n<div>&#8211; 16 Diciembre 2022: <span style=\"color: #008000;\">S14 Infantil: 60 vallas (0,68), peso 2 kg, 1000m<\/span>\u00a0y <span style=\"color: #ff6600;\">S16 Cadete: 60 lisos o 60 vallas (0,76-0,84), triple y 1000 m <a href=\"https:\/\/www.atletismozoiti.com\/wp-content\/uploads\/2022\/12\/2022-12-16-Resultados-S14.pdf\">Resultados S14<\/a><\/span> \/\/\u00a0<a href=\"https:\/\/www.atletismozoiti.com\/wp-content\/uploads\/2022\/12\/2022-12-16-Resultados-S16.pdf\">Resultados S16<\/a><\/div>\n<div>&#8211; 15 Enero 2023: Memorial Jes\u00fas Luis Alos. <a href=\"https:\/\/www.atletismozoiti.com\/wp-content\/uploads\/2023\/01\/Resultados-Cross-Alos.pdf\">Resultados<\/a><\/div>\n<div>&#8211; 24 Febrero 2023: <span style=\"color: #008000;\">S14 Infantil: 60 lisos, 220 vallas, jabalina, 1000marcha <\/span>y <span style=\"color: #ff6600;\">S16 Cadete: 300 vallas, Martillo y 1000 marcha <a href=\"https:\/\/www.atletismozoiti.com\/wp-content\/uploads\/2023\/02\/2023-02-24-Resultados-S14.pdf\">Resultados S14<\/a><span style=\"color: #000000;\">\/\/ <a href=\"https:\/\/www.atletismozoiti.com\/wp-content\/uploads\/2023\/02\/2023-02-24-Resultados-S16.pdf\">Resultados S16<\/a><\/span><\/span><\/div>\n<div>&#8211; 24 Marzo 2023: <span style=\"color: #008000;\">S14 Infantil: 80 vallas, p\u00e9rtiga y 500m <\/span>y <span style=\"color: #ff6600;\">S16 Cadete: 100 vallas, jabalina y 600 m <a href=\"https:\/\/www.atletismozoiti.com\/wp-content\/uploads\/2023\/03\/2023-03-24-Resultados-S14.pdf\">Resultados S14<\/a><\/span> \/\/ <a href=\"https:\/\/www.atletismozoiti.com\/wp-content\/uploads\/2023\/03\/2023-03-24-Resultados-S16.pdf\">Resultados S16<\/a><\/div>\n<div>&#8211; 9 Junio 2023: <span style=\"color: #008000;\">FINAL S14 Infantil: 80 m, triple, disco, 1000 obst\u00e1culos <a href=\"https:\/\/www.atletismozoiti.com\/wp-content\/uploads\/2023\/06\/2023-06-09-Resultados-S14.pdf\">Resultados S14<\/a><\/span><\/div>\n<div>&#8211; 14 Junio 2023: <span style=\"color: #ff6600;\">FINAL S16 Cadete: 100 m, p\u00e9rtiga, disco y 1500 obst\u00e1culos <a href=\"https:\/\/www.atletismozoiti.com\/wp-content\/uploads\/2023\/06\/2023-06-14-Resultados-S16.pdf\">Resultados S16<\/a><\/span><\/div>\n<\/div>\n<div>\u00a0<\/div>\n<div><strong>XII Liga Municipal Temporada 2021-2022<\/strong><\/div>\n<div><strong><a href=\"https:\/\/www.atletismozoiti.com\/wp-content\/uploads\/2022\/06\/Clasificacion-General-Final.pdf\">Clasificaci\u00f3n Final<\/a><\/strong><\/div>\n<div>\n<div class=\"entry\">&#8211; 22 Octubre 2021: <span style=\"color: #008000;\">S14 Infantil: 50 lisos, 50 vallas, longitud, peso<\/span><\/div>\n<div class=\"entry\">&#8211; 5 Noviembre 2021:<span style=\"color: #ff6600;\"> S16 Cadete: 60 lisos, altura, peso, 600 fem\/1000masc<\/span><\/div>\n<div>&#8211; 26 Noviembre 2021: <span style=\"color: #008000;\">S14 Infantil: 60 vallas, Altura, Martillo y 1000 m<\/span><\/div>\n<div class=\"entry\">&#8211; 3 Diciembre 2021: <span style=\"color: #ff6600;\">S16 Cadete: 60 vallas, longitud, martillo, 600 masc\/1000 fem<\/span><\/div>\n<div>&#8211; 17 Diciembre 2021: <span style=\"color: #008000;\">S14 Infantil: 120, triple y 1 km marcha<\/span>\u00a0y <span style=\"color: #ff6600;\">S16 Cadete: 300, 1 km marcha y Disco<\/span><\/div>\n<div class=\"entry\">&#8211; 18 Marzo 2022: <span style=\"color: #008000;\">S14 Infantil: 60, 220 vallas, Jabalina y 4&#215;80 <\/span>y <span style=\"color: #ff6600;\">S16 Cadete: Jabalina, 300 vallas y 4&#215;100 <a href=\"https:\/\/www.atletismozoiti.com\/wp-content\/uploads\/2022\/06\/22-03-18-Fase-Previa-S14-S16-HUESCA.pdf\">Resultados<\/a><\/span><\/div>\n<div class=\"entry\">&#8211; 20 Mayo 2022: <span style=\"color: #008000;\">S14 Infantil: 80 vallas, Disco y 500<\/span>\u00a0y <span style=\"color: #ff6600;\">S16 Cadete: 100 vallas, p\u00e9rtiga y 4&#215;100. <a href=\"https:\/\/www.atletismozoiti.com\/wp-content\/uploads\/2022\/06\/22-05-20-JDEE-Fase-previa-S14-S16-HUESCA.pdf\">Resultados<\/a><\/span><\/div>\n<div>&#8211; 10 Junio 2022:<span style=\"color: #008000;\"> S14 Infantil; 80, p\u00e9rtiga y 1000 obst\u00e1culos. <a href=\"https:\/\/www.atletismozoiti.com\/wp-content\/uploads\/2022\/06\/22-06-10-JDEE-Fase-previa-HUESCA.pdf\">Resultados<\/a><\/span><\/div>\n<div>&#8211; 17 Junio 2022: <span style=\"color: #ff6600;\">S16 Cadete: 100, triple y 1500 obst\u00e1culos.<\/span><\/div>\n<\/div>\n<div>\u00a0<\/div>\n<div><strong>XI Liga Municipal Temporada 2020-2021<\/strong><\/div>\n<div class=\"entry\">\n<div><strong><a href=\"https:\/\/www.atletismozoiti.com\/wp-content\/uploads\/2021\/06\/Clasificaci\u00f3n-General-5.pdf\">Clasificaci\u00f3n Final<\/a><\/strong><\/div>\n<div>\n<div class=\"entry\">5 Marzo 2021: <span style=\"color: #008000;\"><span style=\"color: #000000;\">S14 Infantil<\/span> <a href=\"https:\/\/www.atletismozoiti.com\/wp-content\/uploads\/2021\/04\/210305-JDEE-S14-Huesca-1.pdf\">Resultados<\/a><\/span><\/div>\n<div class=\"entry\">12 Marzo 2021:<span style=\"color: #ff6600;\"><span style=\"color: #000000;\"> S16 Cadete<\/span> <a href=\"https:\/\/www.atletismozoiti.com\/wp-content\/uploads\/2021\/04\/210312-JDEE-S16-Huesca-1.pdf\">Resultados<\/a><\/span><\/div>\n<div class=\"entry\">19 Marzo 2021: <span style=\"color: #ff6600;\"><span style=\"color: #000000;\">S16 Cadete<\/span> <a href=\"https:\/\/www.atletismozoiti.com\/wp-content\/uploads\/2021\/04\/210319-JDEE-S16-HUESCA.pdf\">Resultados<\/a><\/span><\/div>\n<div class=\"entry\">26 Marzo 2021: <span style=\"color: #008000;\"><span style=\"color: #000000;\">S14 Infantil<\/span> <a href=\"https:\/\/www.atletismozoiti.com\/wp-content\/uploads\/2021\/04\/210326-JDEE-S14-HUESCA.pdf\">Resultados<\/a><\/span><\/div>\n<div class=\"entry\">16 Abril 2021: <span style=\"color: #000000;\">S14 Infantil\u00a0y <\/span><span style=\"color: #ff6600;\"><span style=\"color: #000000;\">S16 Cadete<\/span> <a href=\"https:\/\/www.atletismozoiti.com\/wp-content\/uploads\/2021\/04\/210416-JDEE-S14-S16-HUESCA.pdf\">Resultados<\/a><\/span><\/div>\n<div class=\"entry\">30 Abril 2021: <span style=\"color: #000000;\">S14 Infantil\u00a0y <\/span><span style=\"color: #ff6600;\"><span style=\"color: #000000;\">S16 Cadete<\/span> <a href=\"https:\/\/www.atletismozoiti.com\/wp-content\/uploads\/2021\/06\/210430-JDEE-S14-S16-HUESCA.pdf\">Resultados<\/a><\/span><\/div>\n<div class=\"entry\">11 Junio 2021:<span style=\"color: #000000;\"> S14 Infantil\u00a0y <\/span><span style=\"color: #ff6600;\"><span style=\"color: #000000;\">S16 Cadete<\/span> <a href=\"https:\/\/www.atletismozoiti.com\/wp-content\/uploads\/2021\/07\/210611-JDEE-Triatlon-S14-S16-HUESCA.pdf\">Resultados<\/a><\/span><\/div>\n<\/div>\n<\/div>\n<div>\u00a0<\/div>\n<div class=\"entry\">\n<div class=\"entry\"><strong>X Liga Municipal Temporada 2019-2020<\/strong><\/div>\n<div class=\"entry\"><a href=\"https:\/\/www.atletismozoiti.com\/wp-content\/uploads\/2020\/02\/Clasificaci\u00f3n-General-4.pdf\">Clasificaci\u00f3n General a 11-2-2020<\/a><\/div>\n<div class=\"entry\">18 Octubre 2019: <a href=\"https:\/\/www.atletismozoiti.com\/wp-content\/uploads\/2019\/10\/2019-10-18-Liga-Municipal-1-Cadete.pdf\">Resultados Cadete<\/a> \/\/\u00a0 <a href=\"https:\/\/www.atletismozoiti.com\/wp-content\/uploads\/2019\/10\/2019-10-18-Liga-Municipal-1-Infantil.pdf\">Resultados Infantil<\/a><\/div>\n<div class=\"entry\">15 Noviembre 2019: Resultados <a href=\"https:\/\/www.atletismozoiti.com\/wp-content\/uploads\/2020\/01\/2019-11-15-Fase-Prev-HU-2-Infantil.pdf\">Resultados Infantil<\/a> \/\/ <a href=\"https:\/\/www.atletismozoiti.com\/wp-content\/uploads\/2020\/01\/2019-11-15-Fase-Prev-HU-2-Cadete.pdf\">Resultados Cadete<\/a><\/div>\n<div class=\"entry\">13 Diciembre 2019: Resultados <a href=\"https:\/\/www.atletismozoiti.com\/wp-content\/uploads\/2020\/01\/2019-12-13-Fase-Prev-HU-3-Infantil.pdf\">Resultados Infantil<\/a> \/\/ <a href=\"https:\/\/www.atletismozoiti.com\/wp-content\/uploads\/2020\/01\/2019-12-13-Fase-Prev-HU-3-Cadete.pdf\">Resultados Cadete<\/a><\/div>\n<div class=\"entry\">19 Enero 2020: <span style=\"color: #ff6600;\"><a href=\"https:\/\/www.atletismozoiti.com\/wp-content\/uploads\/2020\/01\/Resultado-Liga-Municipal-ALOS.pdf\">Resultados<\/a><\/span><\/div>\n<div class=\"entry\">7 Febrero 2020:\u00a0<\/div>\n<div class=\"entry\">Liga Cancelada a causa del Covid-19<\/div>\n<div>\u00a0<\/div>\n<p><strong>IX Liga Municipal Temporada 2018-2019<\/strong><\/p>\n<\/div>\n<div class=\"entry\"><a href=\"https:\/\/www.atletismozoiti.com\/wp-content\/uploads\/2019\/05\/Clasificaci\u00f3n-General-Final.pdf\">Clasificaci\u00f3n General Final\u00a0<\/a><\/div>\n<div class=\"entry\">10\u00a0Noviembre 2018: <a href=\"https:\/\/www.atletismozoiti.com\/wp-content\/uploads\/2018\/11\/2018-11-10-Liga-Municipal-1.pdf\">Resultados<\/a><\/div>\n<div class=\"entry\">23\u00a0Noviembre\u00a02018: <a href=\"https:\/\/www.atletismozoiti.com\/wp-content\/uploads\/2018\/12\/2018-11-23-Liga-Municipal-2.pdf\">Resultados<\/a><\/div>\n<div class=\"entry\">14\u00a0Diciembre 2018: <a href=\"https:\/\/www.atletismozoiti.com\/wp-content\/uploads\/2019\/03\/2018-12-14-Liga-Municipal-3.pdf\">Resultados<\/a><\/div>\n<div class=\"entry\">22 Marzo\u00a02019: <a href=\"https:\/\/www.atletismozoiti.com\/wp-content\/uploads\/2019\/03\/2019-03-22-Liga-Municipal-4.pdf\">Resultados<\/a><\/div>\n<div class=\"entry\">10 Mayo 2019: <a href=\"https:\/\/www.atletismozoiti.com\/wp-content\/uploads\/2019\/05\/190510-JDEE-Fase-previa-HUESCA.pdf\">Resultados<\/a><\/div>\n<div class=\"entry\">24 mayo 2019: <a href=\"https:\/\/www.atletismozoiti.com\/wp-content\/uploads\/2019\/10\/2019-05-24-Liga-Municipal-6.pdf\">Resultados<\/a><\/div>\n<div>\u00a0<\/div>\n<div class=\"entry\"><strong>VIII Liga Municipal Temporada 2017-2018<\/strong><\/div>\n<div class=\"entry\"><a href=\"https:\/\/www.atletismozoiti.com\/wp-content\/uploads\/2018\/05\/Clasificaci\u00f3n-General-FINAL.pdf\">Clasificaci\u00f3n FINAL<\/a><\/div>\n<div class=\"entry\">3 Noviembre 2017:\u00a0 <a href=\"https:\/\/www.atletismozoiti.com\/wp-content\/uploads\/2013\/08\/2017-11-03-JDEE-Huesca-Liga-1-con-60-mv-068.pdf\">Resultados<\/a><\/div>\n<div class=\"entry\">24\u00a0Noviembre\u00a02017:\u00a0 <a href=\"https:\/\/www.atletismozoiti.com\/wp-content\/uploads\/2017\/12\/2017-11-24-JDEE-Huesca-Liga-2.pdf\">Resultados<\/a><\/div>\n<div class=\"entry\">15\u00a0Diciembre 2017:\u00a0 <a href=\"https:\/\/www.atletismozoiti.com\/wp-content\/uploads\/2018\/01\/2017-12-15-JDEE-Huesca-Liga-3.pdf\">Resultados<\/a><\/div>\n<div class=\"entry\">23 Marzo\u00a02018: \u00a0<a href=\"https:\/\/www.atletismozoiti.com\/wp-content\/uploads\/2018\/04\/2018-03-23-JDEE-Huesca-Liga-4.pdf\">Resultados<\/a><\/div>\n<div class=\"entry\">27\u00a0Abril\u00a02018:\u00a0\u00a0 <a href=\"https:\/\/www.atletismozoiti.com\/wp-content\/uploads\/2018\/05\/2018-04-27-JDEE-HUESCA-Liga-5.pdf\">Resultados<\/a><\/div>\n<div class=\"entry\">25 mayo\u00a02018:\u00a0 <a href=\"https:\/\/www.atletismozoiti.com\/wp-content\/uploads\/2018\/11\/2018-05-25-JDEE-HUESCA-Liga-6.pdf\">Resultados<\/a><\/div>\n<div>\u00a0<\/div>\n<div class=\"entry\"><strong>VII Liga Municipal Temporada 2016-2017<\/strong><\/div>\n<div class=\"entry\"><strong><a href=\"https:\/\/www.atletismozoiti.com\/wp-content\/uploads\/2013\/08\/Clasificaci\u00f3n-General-7-FINAL.pdf\">Clasificaci\u00f3n Final<\/a><\/strong><\/div>\n<div class=\"entry\"><span style=\"text-decoration: underline;\">28 Octubre 2016\u00a0\u00a0\u00a0\u00a0\u00a0 <\/span><span style=\"text-decoration: underline;\"><a href=\"https:\/\/www.atletismozoiti.com\/wp-content\/uploads\/2013\/08\/Resultados-1\u00aa-Jornada-2016-10-28.pdf\">Resultados\u00a0\u00a0<\/a><\/span><\/div>\n<div class=\"entry\"><span style=\"text-decoration: underline;\">25\u00a0Noviembre 2016\u00a0\u00a0\u00a0\u00a0 <a href=\"https:\/\/www.atletismozoiti.com\/wp-content\/uploads\/2013\/08\/Resultados-2\u00aa-Jornada-2016-11-25.pdf\">Resultados<\/a>\u00a0\u00a0 <\/span><\/div>\n<div class=\"entry\"><u>16 Diciembre 2016\u00a0 Resultados\u00a0<a href=\"https:\/\/www.atletismozoiti.com\/wp-content\/uploads\/2013\/08\/2016-12-16-JDEE-Huesca-Liga-Municipal-3-Infantil.xls\">Infantil<\/a>\u00a0y \u00a0<\/u><u><a href=\"https:\/\/www.atletismozoiti.com\/wp-content\/uploads\/2013\/08\/2016-12-16-JDEE-Huesca-Liga-Municipal-3-Cadete.pdf\">Cadete\u00a0\u00a0<\/a><\/u><\/div>\n<div class=\"entry\"><span style=\"text-decoration: underline;\">3\u00a0Febrero 2017\u00a0\u00a0 Resultados\u00a0 <a href=\"https:\/\/www.atletismozoiti.com\/wp-content\/uploads\/2013\/08\/2017-2-3-JDEE-Huesca-Liga-Municipal-4-Infantil.pdf\">Infantil<\/a>\u00a0 y\u00a0 <a href=\"https:\/\/www.atletismozoiti.com\/wp-content\/uploads\/2013\/08\/2017-2-3-JDEE-Huesca-Liga-Municipal-4-Cadete.pdf\">Cadete\u00a0\u00a0<\/a><\/span><\/div>\n<div class=\"entry\"><span style=\"text-decoration: underline;\">24\u00a0Marzo 2017\u00a0 <\/span><span style=\"text-decoration: underline;\"><a href=\"https:\/\/www.atletismozoiti.com\/wp-content\/uploads\/2013\/08\/2017-3-24-JDEE-Huesca-Liga-Municipal-5.pdf\">Resultados\u00a0\u00a0<\/a><\/span><\/div>\n<div class=\"entry\"><span style=\"text-decoration: underline;\">12\u00a0Mayo 2017\u00a0\u00a0 <\/span><span style=\"text-decoration: underline;\"><a href=\"https:\/\/www.atletismozoiti.com\/wp-content\/uploads\/2013\/08\/2017-5-12-JDEE-Huesca-Liga-Municipal-6.pdf\">Resultados\u00a0\u00a0<\/a><\/span><\/div>\n<div class=\"entry\"><span style=\"text-decoration: underline;\">9\u00a0Junio 2017\u00a0\u00a0 <a href=\"https:\/\/www.atletismozoiti.com\/wp-content\/uploads\/2013\/08\/2017-6-9-JDEE-Huesca-Liga-Municipal-7.pdf\">Resultados<\/a><\/span><\/div>\n<div>\u00a0<\/div>\n<div class=\"entry\"><strong>VI Liga Municipal Temporada 2015-2016<\/strong><\/div>\n<div class=\"entry\"><a href=\"https:\/\/www.atletismozoiti.com\/wp-content\/uploads\/2013\/08\/Clasificaci\u00f3n-General-Final-1.pdf\">Clasificaci\u00f3n General Final<\/a><\/div>\n<div class=\"entry\"><span style=\"text-decoration: underline;\">23 Octubre 2015\u00a0\u00a0 <\/span><a href=\"https:\/\/www.atletismozoiti.com\/wp-content\/uploads\/2013\/08\/Resultados-1\u00aa-Jornada-2015-10-231.pdf\">Resultados<\/a><\/div>\n<div class=\"entry\"><span style=\"text-decoration: underline;\">27\u00a0Noviembre 2015\u00a0\u00a0\u00a0 <\/span><a href=\"https:\/\/www.atletismozoiti.com\/wp-content\/uploads\/2013\/08\/Resultados-2\u00aa-Jornada-2015-11-27.pdf\">Resultados<\/a><\/div>\n<div class=\"entry\"><u>18 Diciembre 2015\u00a0\u00a0\u00a0 <\/u><a href=\"https:\/\/www.atletismozoiti.com\/wp-content\/uploads\/2013\/08\/Resultados-3\u00aa-Jornada-2015-12-18.pdf\"><u><span style=\"color: #0066cc;\">Resultados<\/span><\/u><\/a><\/div>\n<div class=\"entry\"><span style=\"text-decoration: underline;\">5\u00a0Febrero 2016\u00a0\u00a0\u00a0\u00a0 <a href=\"https:\/\/www.atletismozoiti.com\/wp-content\/uploads\/2013\/08\/Resultados-4\u00aa-Jornada-2016-2-5.pdf\">Resultados<\/a><\/span><\/div>\n<div class=\"entry\"><span style=\"text-decoration: underline;\">18\u00a0Marzo 2016\u00a0\u00a0\u00a0 \u00a0<a href=\"https:\/\/www.atletismozoiti.com\/wp-content\/uploads\/2013\/08\/2016-3-18-Liga-Municipal-5.pdf\">Resultados<\/a><\/span><\/div>\n<div class=\"entry\"><span style=\"text-decoration: underline;\">15\u00a0Abril 2016\u00a0\u00a0 <a href=\"https:\/\/www.atletismozoiti.com\/wp-content\/uploads\/2013\/08\/2016-4-15-Liga-Municipal-6.pdf\">Resultados<\/a><\/span><\/div>\n<div class=\"entry\"><span style=\"text-decoration: underline;\">6\u00a0Mayo 2016\u00a0\u00a0 <a href=\"https:\/\/www.atletismozoiti.com\/wp-content\/uploads\/2013\/08\/2016-5-6-Liga-Municipal-7.pdf\">Resultados<\/a><\/span><\/div>\n<div class=\"entry\"><span style=\"text-decoration: underline;\">10 Junio 2016\u00a0\u00a0\u00a0 <a href=\"https:\/\/www.atletismozoiti.com\/wp-content\/uploads\/2013\/08\/2016-6-10-JJDD-Huesca.pdf\">Resultados<\/a><\/span><\/div>","protected":false},"excerpt":{"rendered":"<p>En este curso 25\/26 se celebrar\u00e1 la 16\u00aa Liga Municipal de Huesca. El funcionamiento de la liga ser\u00e1 diferente en funci\u00f3n de la categor\u00eda. CATEGOR\u00cdA Sub14 (2013-2014): A lo largo de 6 jornadas, los atletas realizar\u00e1n todas y cada una &hellip; <a href=\"https:\/\/www.atletismozoiti.com\/?page_id=21\">Sigue leyendo <span class=\"meta-nav\">&rarr;<\/span><\/a><\/p>\n","protected":false},"author":1,"featured_media":0,"parent":0,"menu_order":5,"comment_status":"open","ping_status":"open","template":"","meta":{"footnotes":""},"class_list":["post-21","page","type-page","status-publish","hentry"],"_links":{"self":[{"href":"https:\/\/www.atletismozoiti.com\/index.php?rest_route=\/wp\/v2\/pages\/21","targetHints":{"allow":["GET"]}}],"collection":[{"href":"https:\/\/www.atletismozoiti.com\/index.php?rest_route=\/wp\/v2\/pages"}],"about":[{"href":"https:\/\/www.atletismozoiti.com\/index.php?rest_route=\/wp\/v2\/types\/page"}],"author":[{"embeddable":true,"href":"https:\/\/www.atletismozoiti.com\/index.php?rest_route=\/wp\/v2\/users\/1"}],"replies":[{"embeddable":true,"href":"https:\/\/www.atletismozoiti.com\/index.php?rest_route=%2Fwp%2Fv2%2Fcomments&post=21"}],"version-history":[{"count":266,"href":"https:\/\/www.atletismozoiti.com\/index.php?rest_route=\/wp\/v2\/pages\/21\/revisions"}],"predecessor-version":[{"id":2743,"href":"https:\/\/www.atletismozoiti.com\/index.php?rest_route=\/wp\/v2\/pages\/21\/revisions\/2743"}],"wp:attachment":[{"href":"https:\/\/www.atletismozoiti.com\/index.php?rest_route=%2Fwp%2Fv2%2Fmedia&parent=21"}],"curies":[{"name":"wp","href":"https:\/\/api.w.org\/{rel}","templated":true}]}}