{"id":23,"date":"2013-08-13T08:59:16","date_gmt":"2013-08-13T08:59:16","guid":{"rendered":"http:\/\/www.atletismozoiti.com\/?page_id=23"},"modified":"2023-05-18T09:43:06","modified_gmt":"2023-05-18T09:43:06","slug":"carrera-san-jorge","status":"publish","type":"page","link":"https:\/\/www.atletismozoiti.com\/?page_id=23","title":{"rendered":"Carrera San Jorge"},"content":{"rendered":"<p>El d\u00eda 23 de abril de 2019, D\u00eda de San Jorge, el CLUB ATLETISMO INTEC-ZOITI, con la colaboraci\u00f3n del Patronato Municipal de Deportes, organiza la XVI CARRERA Y XX CAMINATA SAN JORGE, pruebas de car\u00e1cter popular que, como NOVEDAD, tienen su <strong>salida a las 10.30 horas en parking norte del Palacio de Deportes<\/strong> (Cerro de San Jorge).<\/p>\n<p>Este a\u00f1o las pruebas se desarrollan en un nuevo trazado, que discurre hasta la ermita de Loreto en el caso de la carrera y alrededor de las piscinas de San Jorge en el caso de la caminata, por lo que os invitamos a que consult\u00e9is el mismo, as\u00ed como dem\u00e1s aspectos organizativos en el <a href=\"https:\/\/www.dropbox.com\/s\/0os028cer4l2bjd\/Programa%20Carrera%20Popular19-1.pdf?dl=0\">reglamento<\/a> que tenemos colgado.<\/p>\n<p>La inscripci\u00f3n es gratuita, y est\u00e1 abierta a todos los participantes pudi\u00e9ndose realizarse en:<\/p>\n<p>&#8211; El Patronato Municipal de Deportes.<br \/>\n&#8211; Piscina Cubierta Almeriz.<br \/>\n&#8211; Intersport &#8211; Huesca ( C\/ Ricardo del Arco n\u00ba 13)<br \/>\n&#8211; En la Salida, hasta las 10 horas (Parking Norte Palacio de Deportes)<br \/>\n&#8211; <a href=\"https:\/\/docs.google.com\/forms\/d\/1fPntPyNh_LVjmy50ZtwWtiRWwKqXcOS8K1DUvNNJII4\/viewform#start=openform\">ON LINE &#8211; Formulario<\/a><\/p>\n","protected":false},"excerpt":{"rendered":"<p>El d\u00eda 23 de abril de 2019, D\u00eda de San Jorge, el CLUB ATLETISMO INTEC-ZOITI, con la colaboraci\u00f3n del Patronato Municipal de Deportes, organiza la XVI CARRERA Y XX CAMINATA SAN JORGE, pruebas de car\u00e1cter popular que, como NOVEDAD, tienen &hellip; <a href=\"https:\/\/www.atletismozoiti.com\/?page_id=23\">Sigue leyendo <span class=\"meta-nav\">&rarr;<\/span><\/a><\/p>\n","protected":false},"author":1,"featured_media":0,"parent":0,"menu_order":4,"comment_status":"open","ping_status":"open","template":"","meta":{"footnotes":""},"class_list":["post-23","page","type-page","status-publish","hentry"],"_links":{"self":[{"href":"https:\/\/www.atletismozoiti.com\/index.php?rest_route=\/wp\/v2\/pages\/23","targetHints":{"allow":["GET"]}}],"collection":[{"href":"https:\/\/www.atletismozoiti.com\/index.php?rest_route=\/wp\/v2\/pages"}],"about":[{"href":"https:\/\/www.atletismozoiti.com\/index.php?rest_route=\/wp\/v2\/types\/page"}],"author":[{"embeddable":true,"href":"https:\/\/www.atletismozoiti.com\/index.php?rest_route=\/wp\/v2\/users\/1"}],"replies":[{"embeddable":true,"href":"https:\/\/www.atletismozoiti.com\/index.php?rest_route=%2Fwp%2Fv2%2Fcomments&post=23"}],"version-history":[{"count":6,"href":"https:\/\/www.atletismozoiti.com\/index.php?rest_route=\/wp\/v2\/pages\/23\/revisions"}],"predecessor-version":[{"id":2296,"href":"https:\/\/www.atletismozoiti.com\/index.php?rest_route=\/wp\/v2\/pages\/23\/revisions\/2296"}],"wp:attachment":[{"href":"https:\/\/www.atletismozoiti.com\/index.php?rest_route=%2Fwp%2Fv2%2Fmedia&parent=23"}],"curies":[{"name":"wp","href":"https:\/\/api.w.org\/{rel}","templated":true}]}}