{"id":36,"date":"2013-08-28T06:42:23","date_gmt":"2013-08-28T06:42:23","guid":{"rendered":"http:\/\/www.atletismozoiti.com\/?page_id=36"},"modified":"2013-08-28T06:45:18","modified_gmt":"2013-08-28T06:45:18","slug":"acceso","status":"publish","type":"page","link":"https:\/\/www.atletismozoiti.com\/?page_id=36","title":{"rendered":"Acceso"},"content":{"rendered":"<p>Introduce tus datos para acceder a la zona de publicaci\u00f3n de la web.<\/p>\n<p>Si no est\u00e1s registrado pulsa <a href=\"https:\/\/www.atletismozoiti.com\/wp-login.php?action=register\">aqu\u00ed<\/a>.<\/p>\n","protected":false},"excerpt":{"rendered":"<p>Introduce tus datos para acceder a la zona de publicaci\u00f3n de la web. Si no est\u00e1s registrado pulsa aqu\u00ed.<\/p>\n","protected":false},"author":1,"featured_media":0,"parent":0,"menu_order":9,"comment_status":"open","ping_status":"open","template":"page-login.php","meta":{"footnotes":""},"class_list":["post-36","page","type-page","status-publish","hentry"],"_links":{"self":[{"href":"https:\/\/www.atletismozoiti.com\/index.php?rest_route=\/wp\/v2\/pages\/36","targetHints":{"allow":["GET"]}}],"collection":[{"href":"https:\/\/www.atletismozoiti.com\/index.php?rest_route=\/wp\/v2\/pages"}],"about":[{"href":"https:\/\/www.atletismozoiti.com\/index.php?rest_route=\/wp\/v2\/types\/page"}],"author":[{"embeddable":true,"href":"https:\/\/www.atletismozoiti.com\/index.php?rest_route=\/wp\/v2\/users\/1"}],"replies":[{"embeddable":true,"href":"https:\/\/www.atletismozoiti.com\/index.php?rest_route=%2Fwp%2Fv2%2Fcomments&post=36"}],"version-history":[{"count":3,"href":"https:\/\/www.atletismozoiti.com\/index.php?rest_route=\/wp\/v2\/pages\/36\/revisions"}],"predecessor-version":[{"id":41,"href":"https:\/\/www.atletismozoiti.com\/index.php?rest_route=\/wp\/v2\/pages\/36\/revisions\/41"}],"wp:attachment":[{"href":"https:\/\/www.atletismozoiti.com\/index.php?rest_route=%2Fwp%2Fv2%2Fmedia&parent=36"}],"curies":[{"name":"wp","href":"https:\/\/api.w.org\/{rel}","templated":true}]}}